{"id":5956,"date":"2020-08-30T03:49:09","date_gmt":"2020-08-30T03:49:09","guid":{"rendered":"https:\/\/cesarcardoso.com\/privacy-policy\/"},"modified":"2022-03-03T22:12:40","modified_gmt":"2022-03-03T22:12:40","slug":"privacy-policy","status":"publish","type":"page","link":"https:\/\/cesarcardoso.com\/pt-pt\/privacy-policy\/","title":{"rendered":"Pol\u00edtica de Privacidade"},"content":{"rendered":"<div class=\"wpb-content-wrapper\"><p>[vc_row][vc_column][vc_column_text]<\/p>\r\n<ol>\r\n<li><strong>INFORMA\u00c7\u00c3O E CONSENTIMENTO<\/strong><\/li>\r\n<\/ol>\r\n<p>A Lei da Prote\u00e7\u00e3o de Dados Pessoais e o Regulamento Geral de Prote\u00e7\u00e3o de Dados asseguram a prote\u00e7\u00e3o das pessoas singulares no que diz respeito ao tratamento de dados pessoais.<\/p>\r\n<p>Nos termos legais s\u00e3o considerados &#8220;dados pessoais&#8221; qualquer informa\u00e7\u00e3o, de qualquer natureza e independentemente do respetivo suporte, incluindo som e imagem, relativa a uma pessoa singular identificada ou identific\u00e1vel.<\/p>\r\n<p>Mediante o acesso ao https:\/\/csarcardoso.com\/ (doravante Site), o utilizador presta o seu consentimento informado, expresso, livre e inequ\u00edvoco que os dados pessoais recolhidos neste Site sejam tratados em conformidade com a presente pol\u00edtica.<\/p>\r\n<p>&nbsp;<\/p>\r\n<ol start=\"2\">\r\n<li><strong>IDENTIFICA\u00c7\u00c3O DO RESPONS\u00c1VEL PELO TRATAMENTO DE DADOS PESSOAIS<\/strong><\/li>\r\n<\/ol>\r\n<p>O respons\u00e1vel pelo tratamento dos dados pessoais recolhidos neste Site \u00e9 C\u00e9sar Crist\u00f3v\u00e3o Vasco Cardoso.<\/p>\r\n<p>As comunica\u00e7\u00f5es efetuadas no \u00e2mbito da presente pol\u00edtica devem ser dirigidas para o endere\u00e7o de correio eletr\u00f3nico: contactos@cesarcardoso.com.<\/p>\r\n<p>&nbsp;<\/p>\r\n<ol start=\"3\">\r\n<li><strong>PRIVACIDADE E SEGURAN\u00c7A<\/strong><\/li>\r\n<\/ol>\r\n<p>O respons\u00e1vel pelo tratamento dos dados pessoais assume o compromisso de efetuar todos os esfor\u00e7os para garantir a privacidade e a prote\u00e7\u00e3o dos dados pessoais recolhidos neste Site.<\/p>\r\n<p>Os dados pessoais s\u00e3o tratados com o n\u00edvel de seguran\u00e7a legalmente exig\u00edvel de forma a proteger os mesmos contra a sua difus\u00e3o, altera\u00e7\u00e3o, divulga\u00e7\u00e3o, m\u00e1 utiliza\u00e7\u00e3o, tratamento e acesso n\u00e3o autorizado ou roubo, tendo em conta o estado da tecnologia.<\/p>\r\n<p>A finalidade, o tratamento e a conserva\u00e7\u00e3o desses dados encontram-se descritos na presente pol\u00edtica e s\u00e3o realizados em conformidade com a legisla\u00e7\u00e3o aplic\u00e1vel sobre a prote\u00e7\u00e3o de dados pessoais.<\/p>\r\n<p><strong>\u00a0<\/strong><\/p>\r\n<ol start=\"4\">\r\n<li><strong>FINALIDADES DO TRATAMENTO<\/strong><\/li>\r\n<\/ol>\r\n<p>Os dados pessoais recolhidos atrav\u00e9s deste Site ser\u00e3o unicamente tratados para as seguintes finalidades:<\/p>\r\n<ul>\r\n<li>Processamento de encomendas;<\/li>\r\n<li>Processamento de pedidos de informa\u00e7\u00e3o, esclarecimento de d\u00favidas e reclama\u00e7\u00f5es;<\/li>\r\n<li>Comunica\u00e7\u00f5es de marketing (caso o utilizador tenha subscrito a newsletter);<\/li>\r\n<li>Acesso \u00e0 \u00e1rea de cliente;<\/li>\r\n<li>Opera\u00e7\u00f5es e gest\u00e3o do site;<\/li>\r\n<li>Atividades de an\u00e1lise estat\u00edstica;<\/li>\r\n<li>Preven\u00e7\u00e3o de fraude.<\/li>\r\n<\/ul>\r\n<p>&nbsp;<\/p>\r\n<ol start=\"5\">\r\n<li><strong>DADOS PESSOAIS RECOLHIDOS<\/strong><\/li>\r\n<\/ol>\r\n<table border=\"1\" width=\"563\">\r\n<tbody>\r\n<tr>\r\n<td width=\"283\"><strong>Finalidade<\/strong><\/td>\r\n<td width=\"280\"><strong>Dados Pessoais<\/strong><\/td>\r\n<\/tr>\r\n<tr>\r\n<td width=\"283\">Processamento de encomendas<\/td>\r\n<td width=\"280\">Email, Nome, Apelido, Morada, Contacto telef\u00f3nico, Dados de pagamento, NIF (opcional)<\/td>\r\n<\/tr>\r\n<tr>\r\n<td width=\"283\">Processamento de pedidos de informa\u00e7\u00e3o, esclarecimento de d\u00favidas e reclama\u00e7\u00f5es<\/td>\r\n<td width=\"280\">Email, Nome, Apelido<\/td>\r\n<\/tr>\r\n<tr>\r\n<td width=\"283\">Comunica\u00e7\u00f5es de marketing (caso o utilizador tenha subscrito a <em>newsletter<\/em>)<\/td>\r\n<td width=\"280\">Email<\/td>\r\n<\/tr>\r\n<tr>\r\n<td width=\"283\">Acesso \u00e0 \u00e1rea de cliente<\/td>\r\n<td width=\"280\">Email, password<\/td>\r\n<\/tr>\r\n<tr>\r\n<td width=\"283\">Opera\u00e7\u00f5es e gest\u00e3o do site<\/td>\r\n<td width=\"280\">Cookies<\/td>\r\n<\/tr>\r\n<tr>\r\n<td width=\"283\">Atividades de an\u00e1lise estat\u00edstica<\/td>\r\n<td width=\"280\">Cookies<\/td>\r\n<\/tr>\r\n<tr>\r\n<td width=\"283\">Preven\u00e7\u00e3o de fraude<\/td>\r\n<td width=\"280\">Endere\u00e7o de IP, Cookies<\/td>\r\n<\/tr>\r\n<\/tbody>\r\n<\/table>\r\n<p><strong>\u00a0<\/strong><\/p>\r\n<ol start=\"6\">\r\n<li><strong>TRATAMENTO DE DADOS PESSOAIS<\/strong><\/li>\r\n<\/ol>\r\n<p>O tratamento de dados pessoais recolhidos neste Site encontra-se limitado \u00e0 recolha, registo, organiza\u00e7\u00e3o, consulta e conserva\u00e7\u00e3o da informa\u00e7\u00e3o, respeitando os seguintes princ\u00edpios:<\/p>\r\n<ul>\r\n<li>Licitude, lealdade e transpar\u00eancia;<\/li>\r\n<li>Limita\u00e7\u00e3o das finalidades;<\/li>\r\n<li>Minimiza\u00e7\u00e3o dos dados;<\/li>\r\n<li>Exatid\u00e3o;<\/li>\r\n<li>Limita\u00e7\u00e3o da conserva\u00e7\u00e3o;<\/li>\r\n<li>Integridade e confidencialidade.<\/li>\r\n<\/ul>\r\n<p>&nbsp;<\/p>\r\n<ol start=\"7\">\r\n<li><strong>CONSERVA\u00c7\u00c3O DE DADOS PESSOAIS<\/strong><\/li>\r\n<\/ol>\r\n<p>Os dados pessoais recolhidos neste Site ser\u00e3o tratados durante o per\u00edodo de tempo necess\u00e1rio ao cumprimento das finalidades identificadas nesta pol\u00edtica e ser\u00e3o conservados durante um per\u00edodo de 2 anos ap\u00f3s o \u00faltimo acesso ao Site, com a exce\u00e7\u00e3o dos emails que subscrevem a newsletter \u2013 caso o utilizador pretenda deixar de a receber e que o seu email deixe de ser conservado, dever\u00e1 solicit\u00e1-lo para o seguinte email: contactos@cesarcardoso.com.<\/p>\r\n<p>&nbsp;<\/p>\r\n<ol start=\"8\">\r\n<li><strong>DIREITOS DOS TITULARES DOS DADOS PESSOAIS<\/strong><\/li>\r\n<\/ol>\r\n<p>O titular dos dados pessoais poder\u00e1, em qualquer momento, exercer os seus direitos de acesso, retifica\u00e7\u00e3o, elimina\u00e7\u00e3o, oposi\u00e7\u00e3o, portabilidade e limita\u00e7\u00e3o do tratamento, nos termos definidos na legisla\u00e7\u00e3o em vigor, atrav\u00e9s de solicita\u00e7\u00e3o para o seguinte email: contactos@cesarcardoso.com.<\/p>\r\n<p>O titular poder\u00e1 ainda apresentar uma reclama\u00e7\u00e3o \u00e0 Comiss\u00e3o Nacional de Prote\u00e7\u00e3o de Dados (CNPD), caso considere que o tratamento efetuado aos seus dados pessoais viola o disposto na legisla\u00e7\u00e3o aplic\u00e1vel.<\/p>\r\n<p>&nbsp;<\/p>\r\n<ol start=\"9\">\r\n<li><strong>VIOLA\u00c7\u00c3O DE DADOS PESSOAIS<\/strong><\/li>\r\n<\/ol>\r\n<p>O respons\u00e1vel pelo tratamento dos dados pessoais compromete-se a notificar as autoridades competentes e os titulares dos dados, nos termos legais estabelecidos, sobre qualquer viola\u00e7\u00e3o de dados pessoais que seja suscet\u00edvel de resultar num elevado risco para os direitos e liberdades dos titulares.<\/p>\r\n<p>&nbsp;<\/p>\r\n<ol start=\"10\">\r\n<li><strong>ALTERA\u00c7\u00d5ES \u00c0 POL\u00cdTICA DE PRIVACIDADE<\/strong><\/li>\r\n<\/ol>\r\n<p>Este Site reserva-se no direito de modificar a presente pol\u00edtica a qualquer momento, com o objetivo de a adaptar a altera\u00e7\u00f5es legislativas e de cumprimento das mesmas. Todas as altera\u00e7\u00f5es ser\u00e3o publicadas no Site. A \u00faltima atualiza\u00e7\u00e3o foi feita a 27\/09\/2020.<\/p>\r\n<p>&nbsp;<\/p>\r\n<p>&nbsp;<\/p>\r\n<p>&nbsp;<\/p>\r\n<p>[\/vc_column_text][\/vc_column][\/vc_row][vc_row][vc_column][vc_column_text]<\/p>\r\n<p>[\/vc_column_text][\/vc_column][\/vc_row]<\/p><!-- \/wp:post-content --><\/div>","protected":false},"excerpt":{"rendered":"<p>[vc_row][vc_column][vc_column_text] INFORMA\u00c7\u00c3O E CONSENTIMENTO A Lei da Prote\u00e7\u00e3o de Dados Pessoais e o Regulamento Geral de Prote\u00e7\u00e3o de Dados asseguram a prote\u00e7\u00e3o das pessoas singulares no que diz respeito ao tratamento de dados pessoais. Nos termos legais s\u00e3o considerados &#8220;dados&#8230;<\/p>\n","protected":false},"author":1,"featured_media":0,"parent":0,"menu_order":8,"comment_status":"closed","ping_status":"open","template":"","meta":{"_monsterinsights_skip_tracking":false,"_monsterinsights_sitenote_active":false,"_monsterinsights_sitenote_note":"","_monsterinsights_sitenote_category":0,"footnotes":""},"class_list":["post-5956","page","type-page","status-publish","hentry"],"yoast_head":"<!-- This site is optimized with the Yoast SEO plugin v27.3 - https:\/\/yoast.com\/product\/yoast-seo-wordpress\/ -->\n<title>Pol\u00edtica de Privacidade - C\u00e9sar Cardoso<\/title>\n<meta name=\"robots\" content=\"index, follow, max-snippet:-1, max-image-preview:large, max-video-preview:-1\" \/>\n<link rel=\"canonical\" href=\"https:\/\/cesarcardoso.com\/pt-pt\/privacy-policy\/\" \/>\n<meta property=\"og:locale\" content=\"pt_PT\" \/>\n<meta property=\"og:type\" content=\"article\" \/>\n<meta property=\"og:title\" content=\"Pol\u00edtica de Privacidade - C\u00e9sar Cardoso\" \/>\n<meta property=\"og:description\" content=\"[vc_row][vc_column][vc_column_text] INFORMA\u00c7\u00c3O E CONSENTIMENTO A Lei da Prote\u00e7\u00e3o de Dados Pessoais e o Regulamento Geral de Prote\u00e7\u00e3o de Dados asseguram a prote\u00e7\u00e3o das pessoas singulares no que diz respeito ao tratamento de dados pessoais. Nos termos legais s\u00e3o considerados &#8220;dados...\" \/>\n<meta property=\"og:url\" content=\"https:\/\/cesarcardoso.com\/pt-pt\/privacy-policy\/\" \/>\n<meta property=\"og:site_name\" content=\"C\u00e9sar Cardoso\" \/>\n<meta property=\"article:modified_time\" content=\"2022-03-03T22:12:40+00:00\" \/>\n<meta name=\"twitter:card\" content=\"summary_large_image\" \/>\n<meta name=\"twitter:label1\" content=\"Tempo estimado de leitura\" \/>\n\t<meta name=\"twitter:data1\" content=\"3 minutos\" \/>\n<script type=\"application\/ld+json\" class=\"yoast-schema-graph\">{\"@context\":\"https:\\\/\\\/schema.org\",\"@graph\":[{\"@type\":\"WebPage\",\"@id\":\"https:\\\/\\\/cesarcardoso.com\\\/pt-pt\\\/privacy-policy\\\/\",\"url\":\"https:\\\/\\\/cesarcardoso.com\\\/pt-pt\\\/privacy-policy\\\/\",\"name\":\"Pol\u00edtica de Privacidade - C\u00e9sar Cardoso\",\"isPartOf\":{\"@id\":\"https:\\\/\\\/cesarcardoso.com\\\/pt-pt\\\/#website\"},\"datePublished\":\"2020-08-30T03:49:09+00:00\",\"dateModified\":\"2022-03-03T22:12:40+00:00\",\"breadcrumb\":{\"@id\":\"https:\\\/\\\/cesarcardoso.com\\\/pt-pt\\\/privacy-policy\\\/#breadcrumb\"},\"inLanguage\":\"pt-PT\",\"potentialAction\":[{\"@type\":\"ReadAction\",\"target\":[\"https:\\\/\\\/cesarcardoso.com\\\/pt-pt\\\/privacy-policy\\\/\"]}]},{\"@type\":\"BreadcrumbList\",\"@id\":\"https:\\\/\\\/cesarcardoso.com\\\/pt-pt\\\/privacy-policy\\\/#breadcrumb\",\"itemListElement\":[{\"@type\":\"ListItem\",\"position\":1,\"name\":\"Home\",\"item\":\"https:\\\/\\\/cesarcardoso.com\\\/pt-pt\\\/\"},{\"@type\":\"ListItem\",\"position\":2,\"name\":\"Pol\u00edtica de Privacidade\"}]},{\"@type\":\"WebSite\",\"@id\":\"https:\\\/\\\/cesarcardoso.com\\\/pt-pt\\\/#website\",\"url\":\"https:\\\/\\\/cesarcardoso.com\\\/pt-pt\\\/\",\"name\":\"C\u00e9sar Cardoso\",\"description\":\"Saxofonista \\\/ Compositor \\\/ Arranjador\",\"publisher\":{\"@id\":\"https:\\\/\\\/cesarcardoso.com\\\/pt-pt\\\/#\\\/schema\\\/person\\\/ab9a82836e3c5a98500e4ad49748f778\"},\"potentialAction\":[{\"@type\":\"SearchAction\",\"target\":{\"@type\":\"EntryPoint\",\"urlTemplate\":\"https:\\\/\\\/cesarcardoso.com\\\/pt-pt\\\/?s={search_term_string}\"},\"query-input\":{\"@type\":\"PropertyValueSpecification\",\"valueRequired\":true,\"valueName\":\"search_term_string\"}}],\"inLanguage\":\"pt-PT\"},{\"@type\":[\"Person\",\"Organization\"],\"@id\":\"https:\\\/\\\/cesarcardoso.com\\\/pt-pt\\\/#\\\/schema\\\/person\\\/ab9a82836e3c5a98500e4ad49748f778\",\"name\":\"cesarcardoso\",\"image\":{\"@type\":\"ImageObject\",\"inLanguage\":\"pt-PT\",\"@id\":\"https:\\\/\\\/cesarcardoso.com\\\/wp-content\\\/uploads\\\/2020\\\/09\\\/logo.png\",\"url\":\"https:\\\/\\\/cesarcardoso.com\\\/wp-content\\\/uploads\\\/2020\\\/09\\\/logo.png\",\"contentUrl\":\"https:\\\/\\\/cesarcardoso.com\\\/wp-content\\\/uploads\\\/2020\\\/09\\\/logo.png\",\"width\":200,\"height\":47,\"caption\":\"cesarcardoso\"},\"logo\":{\"@id\":\"https:\\\/\\\/cesarcardoso.com\\\/wp-content\\\/uploads\\\/2020\\\/09\\\/logo.png\"},\"sameAs\":[\"http:\\\/\\\/dev.cesarcardoso.com\"]}]}<\/script>\n<!-- \/ Yoast SEO plugin. -->","yoast_head_json":{"title":"Pol\u00edtica de Privacidade - C\u00e9sar Cardoso","robots":{"index":"index","follow":"follow","max-snippet":"max-snippet:-1","max-image-preview":"max-image-preview:large","max-video-preview":"max-video-preview:-1"},"canonical":"https:\/\/cesarcardoso.com\/pt-pt\/privacy-policy\/","og_locale":"pt_PT","og_type":"article","og_title":"Pol\u00edtica de Privacidade - C\u00e9sar Cardoso","og_description":"[vc_row][vc_column][vc_column_text] INFORMA\u00c7\u00c3O E CONSENTIMENTO A Lei da Prote\u00e7\u00e3o de Dados Pessoais e o Regulamento Geral de Prote\u00e7\u00e3o de Dados asseguram a prote\u00e7\u00e3o das pessoas singulares no que diz respeito ao tratamento de dados pessoais. Nos termos legais s\u00e3o considerados &#8220;dados...","og_url":"https:\/\/cesarcardoso.com\/pt-pt\/privacy-policy\/","og_site_name":"C\u00e9sar Cardoso","article_modified_time":"2022-03-03T22:12:40+00:00","twitter_card":"summary_large_image","twitter_misc":{"Tempo estimado de leitura":"3 minutos"},"schema":{"@context":"https:\/\/schema.org","@graph":[{"@type":"WebPage","@id":"https:\/\/cesarcardoso.com\/pt-pt\/privacy-policy\/","url":"https:\/\/cesarcardoso.com\/pt-pt\/privacy-policy\/","name":"Pol\u00edtica de Privacidade - C\u00e9sar Cardoso","isPartOf":{"@id":"https:\/\/cesarcardoso.com\/pt-pt\/#website"},"datePublished":"2020-08-30T03:49:09+00:00","dateModified":"2022-03-03T22:12:40+00:00","breadcrumb":{"@id":"https:\/\/cesarcardoso.com\/pt-pt\/privacy-policy\/#breadcrumb"},"inLanguage":"pt-PT","potentialAction":[{"@type":"ReadAction","target":["https:\/\/cesarcardoso.com\/pt-pt\/privacy-policy\/"]}]},{"@type":"BreadcrumbList","@id":"https:\/\/cesarcardoso.com\/pt-pt\/privacy-policy\/#breadcrumb","itemListElement":[{"@type":"ListItem","position":1,"name":"Home","item":"https:\/\/cesarcardoso.com\/pt-pt\/"},{"@type":"ListItem","position":2,"name":"Pol\u00edtica de Privacidade"}]},{"@type":"WebSite","@id":"https:\/\/cesarcardoso.com\/pt-pt\/#website","url":"https:\/\/cesarcardoso.com\/pt-pt\/","name":"C\u00e9sar Cardoso","description":"Saxofonista \/ Compositor \/ Arranjador","publisher":{"@id":"https:\/\/cesarcardoso.com\/pt-pt\/#\/schema\/person\/ab9a82836e3c5a98500e4ad49748f778"},"potentialAction":[{"@type":"SearchAction","target":{"@type":"EntryPoint","urlTemplate":"https:\/\/cesarcardoso.com\/pt-pt\/?s={search_term_string}"},"query-input":{"@type":"PropertyValueSpecification","valueRequired":true,"valueName":"search_term_string"}}],"inLanguage":"pt-PT"},{"@type":["Person","Organization"],"@id":"https:\/\/cesarcardoso.com\/pt-pt\/#\/schema\/person\/ab9a82836e3c5a98500e4ad49748f778","name":"cesarcardoso","image":{"@type":"ImageObject","inLanguage":"pt-PT","@id":"https:\/\/cesarcardoso.com\/wp-content\/uploads\/2020\/09\/logo.png","url":"https:\/\/cesarcardoso.com\/wp-content\/uploads\/2020\/09\/logo.png","contentUrl":"https:\/\/cesarcardoso.com\/wp-content\/uploads\/2020\/09\/logo.png","width":200,"height":47,"caption":"cesarcardoso"},"logo":{"@id":"https:\/\/cesarcardoso.com\/wp-content\/uploads\/2020\/09\/logo.png"},"sameAs":["http:\/\/dev.cesarcardoso.com"]}]}},"jetpack_sharing_enabled":true,"_links":{"self":[{"href":"https:\/\/cesarcardoso.com\/pt-pt\/wp-json\/wp\/v2\/pages\/5956","targetHints":{"allow":["GET"]}}],"collection":[{"href":"https:\/\/cesarcardoso.com\/pt-pt\/wp-json\/wp\/v2\/pages"}],"about":[{"href":"https:\/\/cesarcardoso.com\/pt-pt\/wp-json\/wp\/v2\/types\/page"}],"author":[{"embeddable":true,"href":"https:\/\/cesarcardoso.com\/pt-pt\/wp-json\/wp\/v2\/users\/1"}],"replies":[{"embeddable":true,"href":"https:\/\/cesarcardoso.com\/pt-pt\/wp-json\/wp\/v2\/comments?post=5956"}],"version-history":[{"count":7,"href":"https:\/\/cesarcardoso.com\/pt-pt\/wp-json\/wp\/v2\/pages\/5956\/revisions"}],"predecessor-version":[{"id":5971,"href":"https:\/\/cesarcardoso.com\/pt-pt\/wp-json\/wp\/v2\/pages\/5956\/revisions\/5971"}],"wp:attachment":[{"href":"https:\/\/cesarcardoso.com\/pt-pt\/wp-json\/wp\/v2\/media?parent=5956"}],"curies":[{"name":"wp","href":"https:\/\/api.w.org\/{rel}","templated":true}]}}